{"id":12007,"date":"2025-03-07T11:28:26","date_gmt":"2025-03-07T10:28:26","guid":{"rendered":"https:\/\/www.hoseonline.de\/blog\/?page_id=12007"},"modified":"2025-11-06T09:12:27","modified_gmt":"2025-11-06T08:12:27","slug":"aren","status":"publish","type":"page","link":"https:\/\/www.hoseonline.de\/blog\/aren\/","title":{"rendered":"Aren"},"content":{"rendered":"<p><a href=\"https:\/\/www.hoseonline.de\/blog\/wp-content\/uploads\/2025\/03\/Autorenbild_Aren.jpg\"><img loading=\"lazy\" decoding=\"async\" class=\"alignright wp-image-12008 size-medium\" src=\"https:\/\/www.hoseonline.de\/blog\/wp-content\/uploads\/2025\/03\/Autorenbild_Aren-300x300.jpg\" alt=\"\" width=\"300\" height=\"300\" srcset=\"https:\/\/www.hoseonline.de\/blog\/wp-content\/uploads\/2025\/03\/Autorenbild_Aren-300x300.jpg 300w, https:\/\/www.hoseonline.de\/blog\/wp-content\/uploads\/2025\/03\/Autorenbild_Aren-1024x1024.jpg 1024w, https:\/\/www.hoseonline.de\/blog\/wp-content\/uploads\/2025\/03\/Autorenbild_Aren-150x150.jpg 150w, https:\/\/www.hoseonline.de\/blog\/wp-content\/uploads\/2025\/03\/Autorenbild_Aren-768x769.jpg 768w, https:\/\/www.hoseonline.de\/blog\/wp-content\/uploads\/2025\/03\/Autorenbild_Aren-1080x1081.jpg 1080w, https:\/\/www.hoseonline.de\/blog\/wp-content\/uploads\/2025\/03\/Autorenbild_Aren.jpg 1499w\" sizes=\"auto, (max-width: 300px) 100vw, 300px\" \/><\/a><\/p>\n<h3><span class=\"ez-toc-section\" id=\"Meine_Aufgaben\"><\/span>Meine Aufgaben<span class=\"ez-toc-section-end\"><\/span><\/h3>\n<p>Zu meinen Aufgaben geh\u00f6rt es, Blogartikel f\u00fcr das HoseOnline Modemagazin zu verfassen und gemeinsam mit meinen Kolleginnen und Kollegen neue Artikel in unseren Onlineshop einzustellen. Dabei kann ich meine Kreativit\u00e4t und mein Gesp\u00fcr f\u00fcr Sprache gezielt einbringen.<\/p>\n<h3><span class=\"ez-toc-section\" id=\"Fuer_Eierund_Hildesheim_arbeite_ich_seit%E2%80%A6\"><\/span>F\u00fcr Eierund Hildesheim arbeite ich seit\u2026<span class=\"ez-toc-section-end\"><\/span><\/h3>\n<p>M\u00e4rz 2025<\/p>\n<h3><span class=\"ez-toc-section\" id=\"Meine_Erfahrungen\"><\/span>Meine Erfahrungen<span class=\"ez-toc-section-end\"><\/span><\/h3>\n<p>Ich habe mich schon immer gerne kreativ ausgedr\u00fcckt, und das Schreiben geh\u00f6rt f\u00fcr mich ganz selbstverst\u00e4ndlich dazu. Schon fr\u00fch habe ich viel gelesen und mich f\u00fcr Geschichten begeistert. Au\u00dferdem habe ich ein gutes Gesp\u00fcr f\u00fcr Sprache und Formulierungen, was mir beim Verfassen von Blogbeitr\u00e4gen hilft, Inhalte interessant und ansprechend zu gestalten.<\/p>\n<h3><span class=\"ez-toc-section\" id=\"Meine_Hobbies\"><\/span>Meine Hobbies<span class=\"ez-toc-section-end\"><\/span><\/h3>\n<p>In meiner Freizeit h\u00e4kel und n\u00e4he ich sehr gerne. Au\u00dferdem nehme ich mir auch gerne Zeit, um ein gutes Buch zu lesen.<\/p>\n<h3><span class=\"ez-toc-section\" id=\"Weshalb_mir_das_Schreiben_von_Modeartikeln_Freude_bringt\"><\/span>Weshalb mir das Schreiben von Modeartikeln Freude bringt<span class=\"ez-toc-section-end\"><\/span><\/h3>\n<p>Ich schreibe gerne Texte und mag es, Menschen mit diesen zu erreichen. Besonders spannend finde ich es, mich in neue Modethemen einzulesen, dabei immer wieder interessante Details zu entdecken und diese kreativ weiterzugeben.<\/p>\n<h3><span class=\"ez-toc-section\" id=\"Was_Mode_fuer_mich_bedeutet\"><\/span>Was Mode f\u00fcr mich bedeutet<span class=\"ez-toc-section-end\"><\/span><\/h3>\n<p>Mode ist f\u00fcr mich ein Ausdruck der eigenen Person. Sie gibt einem die M\u00f6glichkeit, sich wohl mit sich selbst zu f\u00fchlen, sich besACser kennenzulernen und sich in all den eignene Facetten zu pr\u00e4sentieren.<\/p>\n<h3><span class=\"ez-toc-section\" id=\"Meinen_eigenen_Kleidungsstil_beschreibe_ich_als%E2%80%A6\"><\/span>Meinen eigenen Kleidungsstil beschreibe ich als\u2026<span class=\"ez-toc-section-end\"><\/span><\/h3>\n<p>Angenehm und gem\u00fctlich, mit Einfl\u00fcssen aus Streetstyle, einer Vorliebe f\u00fcr Farben und einem androgynen Touch.<\/p>\n<h3><span class=\"ez-toc-section\" id=\"Das_sind_meine_persoenlichen_Favoriten_von_HoseOnlinede\"><\/span>Das sind meine pers\u00f6nlichen Favoriten von HoseOnline.de<span class=\"ez-toc-section-end\"><\/span><\/h3>\n<div class=\"cms-section pos-1 cms-section-moorl-grid\">\n<div class=\"cms-section-moorl-grid boxed\">\n<div class=\"row\">\n<div class=\"d-lg-block col-lg-9 d-xl-block col-xl-9\">\n<div data-moorl-grid=\"\" data-moorl-grid-options=\"{&quot;offsetTop&quot;:&quot;30px&quot;,&quot;isSidebar&quot;:null,&quot;isSticky&quot;:false}\">\n<div class=\"cms-block pos-1 cms-block-text position-relative\">\n<div class=\"cms-block-container\">\n<div class=\"cms-block-container-row row cms-row \">\n<div class=\"col-12\" data-cms-element-id=\"01917e9a685070fbab8b39eaafb93d20\">\n<div class=\"cms-element-text\">\n<p>Ich mag besonders die Jacken von Camel Active. Sie sind bequem, praktisch und genau richtig, wenn ich drau\u00dfen unterwegs bin. Au\u00dferdem trage ich gerne Levi&#8217;s\u00ae Jeans, weil sie gut sitzen und sich vielseitig kombinieren lassen.<\/p>\n<\/div>\n<\/div>\n<\/div>\n<\/div>\n<\/div>\n<\/div>\n<\/div>\n<\/div>\n<\/div>\n<\/div>\n<div class=\"cms-section bg-light pos-2 cms-section-default\">\n<section class=\"cms-section-default full-width\">\n<div class=\"cms-block pos-0 cms-block-text position-relative\">\n<div class=\"cms-block-container\">\n<div class=\"cms-block-container-row row cms-row \">\n<div class=\"col-12\" data-cms-element-id=\"01917e9b96d67acb9a0fef712e6f2f1e\">\n<div class=\"cms-element-text\"><\/div>\n<\/div>\n<\/div>\n<\/div>\n<\/div>\n<\/section>\n<\/div>\n","protected":false},"excerpt":{"rendered":"<p>Meine Aufgaben Zu meinen Aufgaben geh\u00f6rt es, Blogartikel f\u00fcr das HoseOnline Modemagazin zu verfassen und gemeinsam mit meinen Kolleginnen und Kollegen neue Artikel in unseren Onlineshop einzustellen. Dabei kann ich meine Kreativit\u00e4t und mein Gesp\u00fcr f\u00fcr Sprache gezielt einbringen. F\u00fcr Eierund Hildesheim arbeite ich seit\u2026 M\u00e4rz 2025 Meine Erfahrungen Ich habe mich schon immer gerne kreativ ausgedr\u00fcckt, und das Schreiben geh\u00f6rt f\u00fcr mich ganz selbstverst\u00e4ndlich dazu. Schon fr\u00fch habe ich viel gelesen und mich f\u00fcr Geschichten begeistert. Au\u00dferdem habe ich ein gutes Gesp\u00fcr f\u00fcr Sprache und Formulierungen, was mir beim Verfassen von Blogbeitr\u00e4gen hilft, Inhalte interessant und ansprechend zu gestalten. Meine Hobbies In meiner Freizeit h\u00e4kel und n\u00e4he ich sehr gerne. Au\u00dferdem nehme ich mir auch gerne Zeit, um ein gutes Buch zu lesen. Weshalb mir das Schreiben von Modeartikeln Freude bringt Ich schreibe gerne Texte und mag es, Menschen mit diesen zu erreichen. Besonders spannend finde ich es, mich in neue Modethemen einzulesen, dabei immer wieder interessante Details zu entdecken und diese kreativ weiterzugeben. Was Mode f\u00fcr mich bedeutet Mode ist f\u00fcr mich ein Ausdruck der eigenen Person. Sie gibt einem die M\u00f6glichkeit, sich wohl mit sich selbst zu f\u00fchlen, sich besACser kennenzulernen und sich in all den eignene [&hellip;]<\/p>\n","protected":false},"author":27,"featured_media":0,"parent":0,"menu_order":0,"comment_status":"closed","ping_status":"closed","template":"","meta":{"footnotes":""},"class_list":["post-12007","page","type-page","status-publish","hentry"],"aioseo_notices":[],"_links":{"self":[{"href":"https:\/\/www.hoseonline.de\/blog\/wp-json\/wp\/v2\/pages\/12007","targetHints":{"allow":["GET"]}}],"collection":[{"href":"https:\/\/www.hoseonline.de\/blog\/wp-json\/wp\/v2\/pages"}],"about":[{"href":"https:\/\/www.hoseonline.de\/blog\/wp-json\/wp\/v2\/types\/page"}],"author":[{"embeddable":true,"href":"https:\/\/www.hoseonline.de\/blog\/wp-json\/wp\/v2\/users\/27"}],"replies":[{"embeddable":true,"href":"https:\/\/www.hoseonline.de\/blog\/wp-json\/wp\/v2\/comments?post=12007"}],"version-history":[{"count":4,"href":"https:\/\/www.hoseonline.de\/blog\/wp-json\/wp\/v2\/pages\/12007\/revisions"}],"predecessor-version":[{"id":12506,"href":"https:\/\/www.hoseonline.de\/blog\/wp-json\/wp\/v2\/pages\/12007\/revisions\/12506"}],"wp:attachment":[{"href":"https:\/\/www.hoseonline.de\/blog\/wp-json\/wp\/v2\/media?parent=12007"}],"curies":[{"name":"wp","href":"https:\/\/api.w.org\/{rel}","templated":true}]}}