{"id":2054,"date":"2016-12-08T13:56:56","date_gmt":"2016-12-08T12:56:56","guid":{"rendered":"https:\/\/sw6.hoseonline.de\/blog\/?page_id=2054"},"modified":"2021-02-03T12:41:24","modified_gmt":"2021-02-03T11:41:24","slug":"outfit-des-monats-anfrage","status":"publish","type":"page","link":"https:\/\/www.hoseonline.de\/blog\/outfit-des-monats-anfrage\/","title":{"rendered":"HoseOnline &#8211; Outfit des Monats"},"content":{"rendered":"<p>Interessiert an unserem Outfit des Monats oder auch nur an bestimmten Modest\u00fccken des Looks? Dann hast du jetzt die M\u00f6glichkeit, dir deine Fashion-Favoriten in k\u00fcrzester Zeit und durch wenige Schritte zu sichern.<\/p>\n<p>F\u00e4llt dir gelegentlich das Kombinieren schwer, ist das Outfit des Monats wie gemacht f\u00fcr dich, denn dir werden jegliche Styling-Probleme genommen. Bist du hingegen nur an einem, zwei oder drei Teilen interessiert, dient der komplette Look zumindest als eine kleine Inspiration.<\/p>\n<p>Worauf wartest du noch&#8230; F\u00fclle ganz einfach die nebenstehenden Felder aus und gebe unbedingt auch deine Gr\u00f6\u00dfe an, damit wir das Outfit \/ die einzelnen Kleidungsst\u00fccke f\u00fcr dich bereitstellen k\u00f6nnen. Sobald wir deine Angaben erhalten haben, werden wir uns mit dir in Verbindung setzen. Deine Lieblingsteile werden entweder zu dir nach Hause geschickt, k\u00f6nnen aber auch aus dem Ladengesch\u00e4ft in der Hildesheimer Innenstadt abgeholt werden.<\/p>\n<p><strong>Wichtiger Hinweis! Das \u00dcbersenden deiner Daten stellt keine verbindliche Bestellung, sondern lediglich eine Anfrage dar.<\/strong><\/p>\n<p><img loading=\"lazy\" decoding=\"async\" class=\"alignright wp-image-2775 \" src=\"https:\/\/modemagazin.hoseonline.de\/wp-content\/uploads\/2017\/07\/web-august-mit-stempel.jpg\" alt=\"Bestellt unser erstes Outfit des Monats f\u00fcr M\u00e4nner!\" width=\"373\" height=\"523\" srcset=\"https:\/\/www.hoseonline.de\/blog\/wp-content\/uploads\/2017\/07\/web-august-mit-stempel.jpg 856w, https:\/\/www.hoseonline.de\/blog\/wp-content\/uploads\/2017\/07\/web-august-mit-stempel-214x300.jpg 214w, https:\/\/www.hoseonline.de\/blog\/wp-content\/uploads\/2017\/07\/web-august-mit-stempel-768x1077.jpg 768w, https:\/\/www.hoseonline.de\/blog\/wp-content\/uploads\/2017\/07\/web-august-mit-stempel-730x1024.jpg 730w\" sizes=\"auto, (max-width: 373px) 100vw, 373px\" \/><\/p>\n<div id=\"anfrage\">[contact-form-7 id=&#8220;2053&#8243; title=&#8220;Outfit des Monats&#8220;]<\/div>\n","protected":false},"excerpt":{"rendered":"<p>Interessiert an unserem Outfit des Monats oder auch nur an bestimmten Modest\u00fccken des Looks? Dann hast du jetzt die M\u00f6glichkeit, dir deine Fashion-Favoriten in k\u00fcrzester Zeit und durch wenige Schritte zu sichern. F\u00e4llt dir gelegentlich das Kombinieren schwer, ist das Outfit des Monats wie gemacht f\u00fcr dich, denn dir werden jegliche Styling-Probleme genommen. Bist du hingegen nur an einem, zwei oder drei Teilen interessiert, dient der komplette Look zumindest als eine kleine Inspiration. Worauf wartest du noch&#8230; F\u00fclle ganz einfach die nebenstehenden Felder aus und gebe unbedingt auch deine Gr\u00f6\u00dfe an, damit wir das Outfit \/ die einzelnen Kleidungsst\u00fccke f\u00fcr dich bereitstellen k\u00f6nnen. Sobald wir deine Angaben erhalten haben, werden wir uns mit dir in Verbindung setzen. Deine Lieblingsteile werden entweder zu dir nach Hause geschickt, k\u00f6nnen aber auch aus dem Ladengesch\u00e4ft in der Hildesheimer Innenstadt abgeholt werden. Wichtiger Hinweis! Das \u00dcbersenden deiner Daten stellt keine verbindliche Bestellung, sondern lediglich eine Anfrage dar. [contact-form-7 id=&#8220;2053&#8243; title=&#8220;Outfit des Monats&#8220;]<\/p>\n","protected":false},"author":2,"featured_media":0,"parent":0,"menu_order":0,"comment_status":"closed","ping_status":"closed","template":"","meta":{"footnotes":""},"class_list":["post-2054","page","type-page","status-publish","hentry"],"aioseo_notices":[],"_links":{"self":[{"href":"https:\/\/www.hoseonline.de\/blog\/wp-json\/wp\/v2\/pages\/2054","targetHints":{"allow":["GET"]}}],"collection":[{"href":"https:\/\/www.hoseonline.de\/blog\/wp-json\/wp\/v2\/pages"}],"about":[{"href":"https:\/\/www.hoseonline.de\/blog\/wp-json\/wp\/v2\/types\/page"}],"author":[{"embeddable":true,"href":"https:\/\/www.hoseonline.de\/blog\/wp-json\/wp\/v2\/users\/2"}],"replies":[{"embeddable":true,"href":"https:\/\/www.hoseonline.de\/blog\/wp-json\/wp\/v2\/comments?post=2054"}],"version-history":[{"count":43,"href":"https:\/\/www.hoseonline.de\/blog\/wp-json\/wp\/v2\/pages\/2054\/revisions"}],"predecessor-version":[{"id":7655,"href":"https:\/\/www.hoseonline.de\/blog\/wp-json\/wp\/v2\/pages\/2054\/revisions\/7655"}],"wp:attachment":[{"href":"https:\/\/www.hoseonline.de\/blog\/wp-json\/wp\/v2\/media?parent=2054"}],"curies":[{"name":"wp","href":"https:\/\/api.w.org\/{rel}","templated":true}]}}