{"id":302,"date":"2015-04-14T09:21:34","date_gmt":"2015-04-14T07:21:34","guid":{"rendered":"https:\/\/sw6.hoseonline.de\/blog\/?page_id=302"},"modified":"2016-08-18T13:41:11","modified_gmt":"2016-08-18T11:41:11","slug":"schuhe","status":"publish","type":"page","link":"https:\/\/www.hoseonline.de\/blog\/modeberater\/schuhe\/","title":{"rendered":"Welcher Schuh zu welcher Jeans?"},"content":{"rendered":"<p>Die passende <a href=\"https:\/\/www.hoseonline.de\/damen\/jeans-hosen\">Jeans<\/a> ist endlich gefunden, doch schon steht Frau vor dem n\u00e4chsten Problem: Welche Schuhe trage ich am besten zu meiner neuen Errungenschaft? Keine Panik, mit unseren Tipps finden Sie schnell und einfach die optimale Fu\u00dfbekleidung.<\/p>\n<p><strong>Ein paar Tipps vorneweg:<\/strong> Greifen Sie beim n\u00e4chsten Schuhkauf nicht einfach zu den Schuhen, die Sie am sch\u00f6nsten oder am auff\u00e4lligsten finden. Nat\u00fcrlich sollte Ihr Wunschexemplar Ihrem Geschmack entsprechen, ebenso wichtig ist aber, dass es zur eigenen Figur passt. Hier gilt die Faustregel: Je kr\u00e4ftiger das Bein, desto breiter sollte der <strong>Absatz<\/strong> sein. Bei kr\u00e4ftigen Waden sollten Sie daher besser zu Schuhen mit Block-Absatz greifen, anstatt sich f\u00fcr die glitzernden High-Heels mit Pfennigabsatz zu entscheiden. Auch die <strong>Form<\/strong> der Schuhe ist von Bedeutung. Spitz zulaufende Modelle verl\u00e4ngern das Bein und lassen das ein oder andere <a href=\"https:\/\/modemagazin.hoseonline.de\/stylen-sie-sich-schlank-15-knackige-tricks-um-die-problemzonen-verschwinden-zu-lassen\/\">\u201ePfund zuviel\u201c<\/a> verschwinden. Auch ausgeschnittene Schuhe, die den Blick auf den Fu\u00dfkn\u00f6chel oder den Fu\u00dfr\u00fccken freigeben, lassen Sie gr\u00f6\u00dfer erscheinen. Socken sollten Sie hier nat\u00fcrlich nicht tragen.<\/p>\n<h6>Schuhe zur Boyfriend-Jeans<\/h6>\n<p>High-Heels, Wedges oder Ankle-Boots sind die idealen Begleiter der angesagten und <a href=\"https:\/\/www.hoseonline.de\/damen\/hosen\/mac-hosen\/sexy-boyfriend\">locker sitzenden Jeans<\/a>. Ihr Outfit wird dadurch weiblicher und edler. Wenn Sie es lieber locker und l\u00e4ssig m\u00f6gen, d\u00fcrfen Sie auch gerne zu Ballerinas oder Sneakers greifen.<\/p>\n<h6>Schuhe zur R\u00f6hrenjeans<\/h6>\n<p>Die <a href=\"https:\/\/modemagazin.hoseonline.de\/die-roehrenjeans-alles-rund-um-den-knackigen-allrounder\/\">R\u00f6hrenjeans<\/a> z\u00e4hlt zu den beliebtesten Passformen und ist auch bei der Wahl des richtigen Schuhwerks pflegeleicht: Diese Hose passt zu jedem Modell! Voraussetzung ist nat\u00fcrlich, dass die Jeans gut sitzt, nicht zu gro\u00df und nicht zu klein ist. Mit einem Paar Overknee-Stiefeln wird der Look extra weiblich und sexy, f\u00fcr den Restaurantbesuch d\u00fcrfen es gerne High-Heels oder Stiefeletten sein. Schn\u00fcrschuhe, Sneakers und Ballerinas passen perfekt zum Alltags-Outfit.<\/p>\n<h6>Schuhe zur Chino-Hose<\/h6>\n<p>Die <a href=\"https:\/\/www.hoseonline.de\/damen\/hosen\/mac-hosen\/mac-sonstige\">luftig-leichten Sommerhosen<\/a> eroberten in den vergangenen Jahren unsere Kleiderschr\u00e4nke, da sollten sie sich nat\u00fcrlich auch \u00fcber die richtigen Schuhe freuen d\u00fcrfen. F\u00fcr den Abend sind extra-hohe High-Heels und Pumps eine gute Wahl, sie strecken das Bein und sorgen f\u00fcr einen besonders schlanken und weiblichen Auftritt. Tags\u00fcber sind Leinenschuhe ebenso wie Ballerinas oder Sandalen eine sommerlich-frische und vor allem bequeme Alternative.<\/p>\n<h6>Schuhe zur Schlaghose<\/h6>\n<p>Die <a href=\"http:\/\/www.nurmitmac.de\/schlag-ist-in\/\">Schlaghose<\/a> feierte in den letzten Jahren ihr Comeback und ist aus unserer t\u00e4glichen Garderobe nicht mehr wegzudenken. Endlos lange Beine zaubert sie in Kombination mit High-Heels oder Pumps. Flache Schuhe hingegen verk\u00fcrzen das Bein und sollten deswegen gerade von kleinen und kr\u00e4ftigen Frauen besser nicht getragen werden.<\/p>\n<h6>Schuhe zur Bootcut-Jeans<\/h6>\n<p>Der Name dieser Hose legt es schon nahe: Stiefel und Stiefeletten sind die besten Freunde der beliebten Damenjeans. Ihr weiter Schnitt am Fu\u00dfende l\u00e4sst sie n\u00e4mlich besonders sch\u00f6n zur Geltung kommen und gibt ihnen so die Aufmerksamkeit, die sie verdienen. Zur Bootcut-Jeans passen aber auch High-Heels oder Ballerinas, hier gilt die Devise: Einfach mal ausprobieren!<\/p>\n<p>&nbsp;<\/p>\n<p>Quellen: <a href=\"http:\/\/www.jolie.de\/bildergalerien\/welche-schuhe-zu-welcher-hose-1655138.html\" target=\"_blank\" rel=\"nofollow\">http:\/\/www.jolie.de\/bildergalerien\/welche-schuhe-zu-welcher-hose-1655138.html<\/a><\/p>\n","protected":false},"excerpt":{"rendered":"<p>Die passende Jeans ist endlich gefunden, doch schon steht Frau vor dem n\u00e4chsten Problem: Welche Schuhe trage ich am besten zu meiner neuen Errungenschaft? Keine Panik, mit unseren Tipps finden Sie schnell und einfach die optimale Fu\u00dfbekleidung. Ein paar Tipps vorneweg: Greifen Sie beim n\u00e4chsten Schuhkauf nicht einfach zu den Schuhen, die Sie am sch\u00f6nsten oder am auff\u00e4lligsten finden. Nat\u00fcrlich sollte Ihr Wunschexemplar Ihrem Geschmack entsprechen, ebenso wichtig ist aber, dass es zur eigenen Figur passt. Hier gilt die Faustregel: Je kr\u00e4ftiger das Bein, desto breiter sollte der Absatz sein. Bei kr\u00e4ftigen Waden sollten Sie daher besser zu Schuhen mit Block-Absatz greifen, anstatt sich f\u00fcr die glitzernden High-Heels mit Pfennigabsatz zu entscheiden. Auch die Form der Schuhe ist von Bedeutung. Spitz zulaufende Modelle verl\u00e4ngern das Bein und lassen das ein oder andere \u201ePfund zuviel\u201c verschwinden. Auch ausgeschnittene Schuhe, die den Blick auf den Fu\u00dfkn\u00f6chel oder den Fu\u00dfr\u00fccken freigeben, lassen Sie gr\u00f6\u00dfer erscheinen. Socken sollten Sie hier nat\u00fcrlich nicht tragen. Schuhe zur Boyfriend-Jeans High-Heels, Wedges oder Ankle-Boots sind die idealen Begleiter der angesagten und locker sitzenden Jeans. Ihr Outfit wird dadurch weiblicher und edler. Wenn Sie es lieber locker und l\u00e4ssig m\u00f6gen, d\u00fcrfen Sie auch gerne zu Ballerinas oder Sneakers greifen. [&hellip;]<\/p>\n","protected":false},"author":2,"featured_media":0,"parent":54,"menu_order":0,"comment_status":"open","ping_status":"open","template":"","meta":{"footnotes":""},"class_list":["post-302","page","type-page","status-publish","hentry"],"aioseo_notices":[],"_links":{"self":[{"href":"https:\/\/www.hoseonline.de\/blog\/wp-json\/wp\/v2\/pages\/302","targetHints":{"allow":["GET"]}}],"collection":[{"href":"https:\/\/www.hoseonline.de\/blog\/wp-json\/wp\/v2\/pages"}],"about":[{"href":"https:\/\/www.hoseonline.de\/blog\/wp-json\/wp\/v2\/types\/page"}],"author":[{"embeddable":true,"href":"https:\/\/www.hoseonline.de\/blog\/wp-json\/wp\/v2\/users\/2"}],"replies":[{"embeddable":true,"href":"https:\/\/www.hoseonline.de\/blog\/wp-json\/wp\/v2\/comments?post=302"}],"version-history":[{"count":6,"href":"https:\/\/www.hoseonline.de\/blog\/wp-json\/wp\/v2\/pages\/302\/revisions"}],"predecessor-version":[{"id":1809,"href":"https:\/\/www.hoseonline.de\/blog\/wp-json\/wp\/v2\/pages\/302\/revisions\/1809"}],"up":[{"embeddable":true,"href":"https:\/\/www.hoseonline.de\/blog\/wp-json\/wp\/v2\/pages\/54"}],"wp:attachment":[{"href":"https:\/\/www.hoseonline.de\/blog\/wp-json\/wp\/v2\/media?parent=302"}],"curies":[{"name":"wp","href":"https:\/\/api.w.org\/{rel}","templated":true}]}}