{"id":306,"date":"2015-04-14T09:23:27","date_gmt":"2015-04-14T07:23:27","guid":{"rendered":"https:\/\/sw6.hoseonline.de\/blog\/?page_id=306"},"modified":"2021-02-15T11:27:43","modified_gmt":"2021-02-15T10:27:43","slug":"passform","status":"publish","type":"page","link":"https:\/\/www.hoseonline.de\/blog\/modeberater\/passform\/","title":{"rendered":"Die richtige Passform f\u00fcr jede Figur"},"content":{"rendered":"<h2><span class=\"ez-toc-section\" id=\"Die_richtige_Hose_fuer_jede_Figur_%E2%80%93_der_Eierund_Jeansguide\"><\/span>Die richtige Hose f\u00fcr jede Figur \u2013 der Eierund Jeansguide<span class=\"ez-toc-section-end\"><\/span><\/h2>\n<p>Die <strong>perfekt sitzende Damenjeans<\/strong> zu finden ist der Traum vieler Frauen. Immer wieder st\u00f6bern sie stundenlang durch Gesch\u00e4fte oder Online-Shops und hoffen, dass dieses Mal die Traumhose dabei ist. Die gro\u00dfe Auswahl an unterschiedlichen Schnitten kann einen aber schnell \u00fcberfordern: Bootcut, Straight Fit, Skinny \u2013 wer soll da den \u00dcberblick behalten?<\/p>\n<p>Eierund Hildesheim bietet Ihnen das <strong>gr\u00f6\u00dfte Hosen- und Jeanssortiment<\/strong> der Region und nat\u00fcrlich sollen auch Sie ganz leicht zu Ihrer neuen Lieblingshose kommen. Deswegen geben wir Ihnen einen \u00dcberblick \u00fcber die beliebtesten Passformen, verraten Ihnen, zu welcher Figur die Modelle besonders gut passen und sagen Ihnen auch, bei welcher Marke Sie garantiert f\u00fcndig werden. Jeansfrust war gestern \u2013 bei uns findet jeder die <strong>passende Hose f\u00fcr jeden Tag<\/strong>!<\/p>\n<h6>Bootcut<\/h6>\n<p>Bootcut Jeans sind echte Klassiker unter den Damenjeans Passformen. Kennzeichnend sind schmal geschnittene Bereich am Bund und am Oberschenkel und das <strong>leicht ausgestellte Bein<\/strong>. Stiefel kommen in dieser <em>\u201eStiefel-Schnitt\u201c- Hose<\/em> also besonders gut zur Geltung. Das beliebte Modell steht jeder Frau: Ganz gleich, ob Sie weibliche Kurven haben oder schmal gebaut sind, die <strong>Bootcut Jeans passt immer<\/strong>. Kr\u00e4ftigere Oberschenkel werden hier geschickt kaschiert und wer seine Beine optisch verl\u00e4ngern m\u00f6chte, der kombiniert die Hose zu schicken High-Heels. Mit diesen sieht sie auch im B\u00fcro gut aus, Sneakers dagegen machen die Jeans bereit f\u00fcr den l\u00e4ssigen Freizeit-Look.<\/p>\n<p>LTB Valerie und <a href=\"https:\/\/www.hoseonline.de\/damen\/hosen\/mac-hosen\/mac-dream\">MAC Dream Boot<\/a> sind Bootcut Jeans, die Sie so schnell nicht wieder ausziehen m\u00f6chten.<\/p>\n<h6>Straight Fit<\/h6>\n<p>Damenjeans mit dieser Passform z\u00e4hlen hierzulande zu den <strong>meist verkauften Modellen<\/strong>, kein Wunder, schlie\u00dflich sind sie bequem und kinderleicht zu kombinieren. Typisch f\u00fcr die Straight Fit Passform sind der <strong>gerade Beinverlauf<\/strong> und der lockere Sitz am Fu\u00dfkn\u00f6chel. Dieser Schnitt macht sie zu einem echten <strong>Allround-Talent<\/strong>: Die Damenjeans passt zu jedem Schuh und macht den seri\u00f6sen Business-Look ebenso wie den edlen Restaurantbesuch ohne Probleme mit. Kurze Beine werden gestreckt und sch\u00f6n in Szene gesetzt und auch feminine Kurven kommen wundersch\u00f6n zur Geltung.<\/p>\n<p>Wenn auch Sie das wohl beliebteste Damenjeans Modell in Ihren Kleiderschrank einziehen lassen m\u00f6chten, dann werfen Sie einen Blick auf LTB Jonquil und Big Blue Janet.<\/p>\n<h6>Slim Fit<\/h6>\n<p>Jeans im Slim Fit kennt wohl jede Dame \u2013 es handelt sich um die beliebten <a href=\"https:\/\/modemagazin.hoseonline.de\/die-roehrenjeans-alles-rund-um-den-knackigen-allrounder\/\">R\u00f6hrenjeans<\/a>. Diese Hose <strong>schmiegt sich eng an den K\u00f6rper<\/strong> und lenkt den Fokus daher ganz eindeutig auf H\u00fcfte, Po und Beine. Besonders gro\u00dfe und schlanke Frauen k\u00f6nnen ihre Figur so h\u00fcbsch betonen, aber auch kleinen, zart gebauten Frauen steht die Slim Fit Jeans. Einziger Nachteil dieser Passform: Selbst kleine Problemzonen werden hier betont. Wer seine Oberschenkel also zu gro\u00df oder seine H\u00fcften zu breit findet, der greift besser zu einem anderen Modell.<\/p>\n<p>Auf die R\u00f6hre gekommen? Schauen Sie vorbei bei LTB Aspen, <a href=\"https:\/\/www.hoseonline.de\/damen\/hosen\/anna-montana\/angelika\">Anna Montana Angelika<\/a> und Blue Fire Nina.<\/p>\n<h6>Skinny Jeans<\/h6>\n<p>Wer es noch etwas figurbetonter mag, der sollte einen Blick auf die Skinny Jeans werfen. Die <strong>engste unter den Damenjeans Passformen<\/strong> passt sich der Silhouette perfekt an und sorgt im besten Fall f\u00fcr ein echtes \u201ezweite Haut-Gef\u00fchl\u201c. Deswegen ist es von zentraler Bedeutung, die Hose in der richtigen Gr\u00f6\u00dfe zu kaufen. Sie sollte weder Falten an Po, Knie oder Kn\u00f6chel werfen noch sichtbar einschneiden, sonst verliert sie ihre Wirkung. Trotzdem k\u00f6nnen Sie Skinny Jeans auch dann tragen, wenn Sie keine endlos langen Modellbeine haben. Gerade weibliche Kurven werden in dieser Passform sch\u00f6n in Szene gesetzt und in Kombination mit High Heels oder Pumps k\u00f6nnen Sie sich schnell <strong>ein paar Zentimeter gr\u00f6\u00dfer schummeln<\/strong>.<\/p>\n<p>Sch\u00f6ne Skinny Jeans finden Sie bei <a href=\"https:\/\/www.hoseonline.de\/damen\/hosen\/mac-hosen\/dream-skinny\">MAC<\/a> und <a href=\"https:\/\/www.hoseonline.de\/damen\/hosen\/angels-hosen\/angels-jeans-skinny\">Angels Jeans<\/a>.<\/p>\n<h6>Boyfriend Jeans<\/h6>\n<p>Der <strong>maximale Tragekomfort<\/strong> erwartet Sie in einer Boyfriend Jeans. Sie ist dem Comfort Fit der Herrenhosen nachempfunden und sieht daher aus, als stamme sie aus dem Kleiderschrank des Partners. <strong>Bequem und l\u00e4ssig<\/strong>, diese beiden Adjektive beschreiben den Schnitt wohl am besten. Der weite Schnitt der Hose <strong>kaschiert so manche Problemzone<\/strong> und sieht in Kombination mit Blazer und High Heels richtig edel aus. Cooler wird das Outfit, wenn Sie die Hose mit <strong>umgekrempelten Hosenbeinen<\/strong> tragen. Einzig kleine Frauen sollten darauf achten, keine flachen Schuhe zu der Hose zu tragen, da ihre Beine sonst verk\u00fcrzt werden.<\/p>\n<p>Das Modell MAC Sexy Boyfriend liegt absolut im Trend und \u00fcberzeugt zudem mit der gewohnten MAC Jeans Qualit\u00e4t. Unterschiedliche Waschungen und coole Destroyed-Effekte runden den Look ab. Diese Hose ist auf jeden Fall einen Blick wert!<\/p>\n<p>Noch Fragen? Besuchen Sie unser Gesch\u00e4ft oder kontaktieren Sie unsere Mitarbeiter im Live-Chat! Wir helfen Ihnen gerne bei der Suche nach der <strong>perfekten Jeans<\/strong>!<\/p>\n<p>&nbsp;<\/p>\n<p>Quellen:<\/p>\n<p><a href=\"http:\/\/www.aboutyou.de\/beratung\/jeansguide\" target=\"_blank\" rel=\"nofollow noopener\">http:\/\/www.aboutyou.de\/beratung\/jeansguide<\/a><\/p>\n","protected":false},"excerpt":{"rendered":"<p>Die richtige Hose f\u00fcr jede Figur \u2013 der Eierund Jeansguide Die perfekt sitzende Damenjeans zu finden ist der Traum vieler Frauen. Immer wieder st\u00f6bern sie stundenlang durch Gesch\u00e4fte oder Online-Shops und hoffen, dass dieses Mal die Traumhose dabei ist. Die gro\u00dfe Auswahl an unterschiedlichen Schnitten kann einen aber schnell \u00fcberfordern: Bootcut, Straight Fit, Skinny \u2013 wer soll da den \u00dcberblick behalten? Eierund Hildesheim bietet Ihnen das gr\u00f6\u00dfte Hosen- und Jeanssortiment der Region und nat\u00fcrlich sollen auch Sie ganz leicht zu Ihrer neuen Lieblingshose kommen. Deswegen geben wir Ihnen einen \u00dcberblick \u00fcber die beliebtesten Passformen, verraten Ihnen, zu welcher Figur die Modelle besonders gut passen und sagen Ihnen auch, bei welcher Marke Sie garantiert f\u00fcndig werden. Jeansfrust war gestern \u2013 bei uns findet jeder die passende Hose f\u00fcr jeden Tag! Bootcut Bootcut Jeans sind echte Klassiker unter den Damenjeans Passformen. Kennzeichnend sind schmal geschnittene Bereich am Bund und am Oberschenkel und das leicht ausgestellte Bein. Stiefel kommen in dieser \u201eStiefel-Schnitt\u201c- Hose also besonders gut zur Geltung. Das beliebte Modell steht jeder Frau: Ganz gleich, ob Sie weibliche Kurven haben oder schmal gebaut sind, die Bootcut Jeans passt immer. Kr\u00e4ftigere Oberschenkel werden hier geschickt kaschiert und wer seine Beine optisch verl\u00e4ngern m\u00f6chte, [&hellip;]<\/p>\n","protected":false},"author":2,"featured_media":0,"parent":54,"menu_order":0,"comment_status":"open","ping_status":"open","template":"","meta":{"footnotes":""},"class_list":["post-306","page","type-page","status-publish","hentry"],"aioseo_notices":[],"_links":{"self":[{"href":"https:\/\/www.hoseonline.de\/blog\/wp-json\/wp\/v2\/pages\/306","targetHints":{"allow":["GET"]}}],"collection":[{"href":"https:\/\/www.hoseonline.de\/blog\/wp-json\/wp\/v2\/pages"}],"about":[{"href":"https:\/\/www.hoseonline.de\/blog\/wp-json\/wp\/v2\/types\/page"}],"author":[{"embeddable":true,"href":"https:\/\/www.hoseonline.de\/blog\/wp-json\/wp\/v2\/users\/2"}],"replies":[{"embeddable":true,"href":"https:\/\/www.hoseonline.de\/blog\/wp-json\/wp\/v2\/comments?post=306"}],"version-history":[{"count":10,"href":"https:\/\/www.hoseonline.de\/blog\/wp-json\/wp\/v2\/pages\/306\/revisions"}],"predecessor-version":[{"id":7676,"href":"https:\/\/www.hoseonline.de\/blog\/wp-json\/wp\/v2\/pages\/306\/revisions\/7676"}],"up":[{"embeddable":true,"href":"https:\/\/www.hoseonline.de\/blog\/wp-json\/wp\/v2\/pages\/54"}],"wp:attachment":[{"href":"https:\/\/www.hoseonline.de\/blog\/wp-json\/wp\/v2\/media?parent=306"}],"curies":[{"name":"wp","href":"https:\/\/api.w.org\/{rel}","templated":true}]}}